{"id":13,"date":"2022-05-13T11:22:57","date_gmt":"2022-05-13T11:22:57","guid":{"rendered":"https:\/\/egfimaroc.com\/site\/?page_id=13"},"modified":"2022-05-13T14:04:01","modified_gmt":"2022-05-13T14:04:01","slug":"chaudieres-a-fluide-thermique","status":"publish","type":"page","link":"https:\/\/egfimaroc.com\/site\/index.php\/chaudieres-a-fluide-thermique\/","title":{"rendered":"Chaudi\u00e8res \u00e0 fluide thermique"},"content":{"rendered":"\t\t<div data-elementor-type=\"wp-page\" data-elementor-id=\"13\" class=\"elementor elementor-13\">\n\t\t\t\t\t\t\t\t\t<section class=\"elementor-section elementor-top-section elementor-element elementor-element-669674d4 elementor-section-boxed elementor-section-height-default elementor-section-height-default\" data-id=\"669674d4\" data-element_type=\"section\" id=\"ChaudieresAFluideTherm\" data-settings=\"{&quot;background_background&quot;:&quot;classic&quot;}\">\n\t\t\t\t\t\t<div class=\"elementor-container elementor-column-gap-default\">\n\t\t\t\t\t<div class=\"elementor-column elementor-col-100 elementor-top-column elementor-element elementor-element-3feb39a0\" data-id=\"3feb39a0\" data-element_type=\"column\" data-settings=\"{&quot;background_background&quot;:&quot;classic&quot;}\">\n\t\t\t<div class=\"elementor-widget-wrap elementor-element-populated\">\n\t\t\t\t\t\t\t\t<div class=\"elementor-element elementor-element-7564e1b5 elementor-widget elementor-widget-text-editor\" data-id=\"7564e1b5\" data-element_type=\"widget\" data-widget_type=\"text-editor.default\">\n\t\t\t\t<div class=\"elementor-widget-container\">\n\t\t\t<style>\/*! elementor - v3.6.5 - 27-04-2022 *\/\n.elementor-widget-text-editor.elementor-drop-cap-view-stacked .elementor-drop-cap{background-color:#818a91;color:#fff}.elementor-widget-text-editor.elementor-drop-cap-view-framed .elementor-drop-cap{color:#818a91;border:3px solid;background-color:transparent}.elementor-widget-text-editor:not(.elementor-drop-cap-view-default) .elementor-drop-cap{margin-top:8px}.elementor-widget-text-editor:not(.elementor-drop-cap-view-default) .elementor-drop-cap-letter{width:1em;height:1em}.elementor-widget-text-editor .elementor-drop-cap{float:left;text-align:center;line-height:1;font-size:50px}.elementor-widget-text-editor .elementor-drop-cap-letter{display:inline-block}<\/style>\t\t\t\t<p class=\"Style1\"><strong><span style=\"color: #cf372d;\"><u>Chaudi\u00e8res \u00e0 fluide thermique<\/u><\/span><\/strong><\/p><p>Une chaudi\u00e8re \u00e0 fluide thermique est un r\u00e9cipient constitu\u00e9 principalement par un foyer dans lequel on r\u00e9chauffe un fluide caloporteur, \u00e0 partir d&rsquo;une source \u00e9nerg\u00e9tique qui peut \u00eatre un combustible liquide, gazeux, solide ou p\u00e2teux comme la glyc\u00e9rine, fum\u00e9es chaudes ou \u00e9lectricit\u00e9.<\/p><p>Il existe de diff\u00e9rentes conceptions de chaudi\u00e8res, bien que le plus commun utilise normalement des sources d&rsquo;\u00e9nergie conventionnelles comme combustibles liquides ou gazeux et consiste en une chambre laquelle loge.<\/p><p>Les chaudi\u00e8res d&rsquo;huile thermique, gr\u00e2ce \u00e0 ce fluide et au fait que son chauffage ne comporte pas un changement de phase, travaillent \u00e0 des pressions tr\u00e8s faibles en pouvant par contre, arriver \u00e0 atteindre des temp\u00e9ratures de service normales de 280 \u00e0 300 \u00baC. Ainsi qu\u2019une autre importante caract\u00e9ristique qui les d\u00e9fini, et le haut rendement global de l&rsquo;installation qui oscille g\u00e9n\u00e9ralement entre 87 et 90 %, en fonction des temp\u00e9ratures de travail.<\/p><p><strong>Les avantages :<\/strong><\/p><p><span class=\"Style1 lamarge10\">&#8211;\u00a0<\/span>Fiabilit\u00e9 et robustesse<br \/><span class=\"Style1 lamarge10\">&#8211;\u00a0<\/span>Garantie globale sur l&rsquo;ensemble br\u00fbleur et chaudi\u00e8re ;<br \/><span class=\"Style1 lamarge10\">&#8211;\u00a0<\/span>Rendement pouvant \u00eatre sup\u00e9rieur \u00e0 92% sur l&rsquo;ensemble de la plage d&rsquo;utilisation ;<br \/><span class=\"Style1 lamarge10\">&#8211;\u00a0<\/span>Investissements, co\u00fbts d&rsquo;utilisation et de maintenance r\u00e9duits ;<br \/><span class=\"Style1 lamarge10\">&#8211;\u00a0<\/span>Bilan thermique optimis\u00e9, associe le haut rendement de la chaudi\u00e8re avec de tr\u00e8s faibles pertes thermiques sur le circuit de distribution ;<br \/><span class=\"Style1 lamarge10\">&#8211;\u00a0<\/span>Temps de r\u00e9ponse tr\u00e8s court, peu d&rsquo;inertie ;<br \/><span class=\"Style1 lamarge10\">&#8211;\u00a0<\/span>Optimisation du coefficient de transfert thermique des couches limites ;<br \/><span class=\"Style1 lamarge10\">&#8211;\u00a0<\/span>Faible pression de fonctionnement (2-4 bar) pour haute temp\u00e9rature (350\u00b0C) ;<br \/><span class=\"Style1 lamarge10\">&#8211;\u00a0<\/span>Bien adapt\u00e9 au chauffage indirect de proc\u00e9d\u00e9 ;<br \/><span class=\"Style1 lamarge10\">&#8211;\u00a0<\/span>Faible encombrement ;<br \/><span class=\"Style1 lamarge10\">&#8211;\u00a0<\/span>S\u00e9curit\u00e9 du syst\u00e8me par l&rsquo;ensemble de r\u00e9gulations et d&rsquo;\u00e9quipements mis en place (d\u00e9gazeur, relais).<\/p><p>Nous fournissons de nombreux types de mat\u00e9riels et tout particuli\u00e8rement la chaudi\u00e8re fluide thermique.<br \/>Nos \u00e9quipes de techniciens qualifi\u00e9s sont habilit\u00e9es \u00e0 assurer :<\/p><ul type=\"disc\"><li>l&rsquo;installation de la chaudi\u00e8re fluide thermique<\/li><li>la mise en en service de la chaudi\u00e8re fluide thermique<\/li><li>la maintenance de la chaudi\u00e8re fluide thermique<\/li><li>la r\u00e9paration de la chaudi\u00e8re fluide thermique<\/li><li>le S.A.V. de la chaudi\u00e8re fluide thermique<\/li><\/ul><p>Nous assurons aussi des interventions sur du mat\u00e9riel existant et mis en service par d&rsquo;autres entreprises :<\/p><ul type=\"disc\"><li>Installation compl\u00e8te de chaudi\u00e8re fluide thermique<\/li><li>Installation ancienne de chaudi\u00e8re fluide thermique<\/li><li>Maintenance d&rsquo;autre chaudi\u00e8re fluide thermique<\/li><\/ul><p><strong>E.G.F.I.<\/strong>\u00a0intervient dans tout le territoire Marocain sur toute chaudi\u00e8re fluide thermique, que ce soit pour de la remise en \u00e9tat de chaudi\u00e8re fluide thermique ou de l&rsquo;installation neuve de chaudi\u00e8re fluide thermique.<br \/>Bien entendu, toute installation de chaudi\u00e8re fluide thermique r\u00e9alis\u00e9e par E.G.F.I.b\u00e9n\u00e9ficie de la garantie du fabricant de la chaudi\u00e8re fluide thermique ainsi que du savoir faire d\u2019E.G.F.I. en mati\u00e8re d&rsquo;installation de chaudi\u00e8re fluide thermique.<\/p>\t\t\t\t\t\t<\/div>\n\t\t\t\t<\/div>\n\t\t\t\t\t<\/div>\n\t\t<\/div>\n\t\t\t\t\t\t\t<\/div>\n\t\t<\/section>\n\t\t\t\t\t\t\t<\/div>\n\t\t","protected":false},"excerpt":{"rendered":"<p>Chaudi\u00e8res \u00e0 fluide thermique Une chaudi\u00e8re \u00e0 fluide thermique est un r\u00e9cipient constitu\u00e9 principalement par un foyer dans lequel on r\u00e9chauffe un fluide caloporteur, \u00e0 partir d&rsquo;une source \u00e9nerg\u00e9tique qui peut \u00eatre un combustible liquide, gazeux, solide ou p\u00e2teux comme la glyc\u00e9rine, fum\u00e9es chaudes ou \u00e9lectricit\u00e9. Il existe de diff\u00e9rentes conceptions de chaudi\u00e8res, bien que &hellip;<\/p>\n<p class=\"read-more\"> <a class=\"\" href=\"https:\/\/egfimaroc.com\/site\/index.php\/chaudieres-a-fluide-thermique\/\"> <span class=\"screen-reader-text\">Chaudi\u00e8res \u00e0 fluide thermique<\/span> Lire la suite\u00a0\u00bb<\/a><\/p>\n","protected":false},"author":1,"featured_media":0,"parent":0,"menu_order":0,"comment_status":"closed","ping_status":"closed","template":"","meta":{"site-sidebar-layout":"no-sidebar","site-content-layout":"page-builder","ast-global-header-display":"","ast-main-header-display":"","ast-hfb-above-header-display":"","ast-hfb-below-header-display":"","ast-hfb-mobile-header-display":"","site-post-title":"disabled","ast-breadcrumbs-content":"","ast-featured-img":"disabled","footer-sml-layout":"","theme-transparent-header-meta":"","adv-header-id-meta":"","stick-header-meta":"","header-above-stick-meta":"","header-main-stick-meta":"","header-below-stick-meta":"","footnotes":""},"class_list":["post-13","page","type-page","status-publish","hentry"],"_links":{"self":[{"href":"https:\/\/egfimaroc.com\/site\/index.php\/wp-json\/wp\/v2\/pages\/13","targetHints":{"allow":["GET"]}}],"collection":[{"href":"https:\/\/egfimaroc.com\/site\/index.php\/wp-json\/wp\/v2\/pages"}],"about":[{"href":"https:\/\/egfimaroc.com\/site\/index.php\/wp-json\/wp\/v2\/types\/page"}],"author":[{"embeddable":true,"href":"https:\/\/egfimaroc.com\/site\/index.php\/wp-json\/wp\/v2\/users\/1"}],"replies":[{"embeddable":true,"href":"https:\/\/egfimaroc.com\/site\/index.php\/wp-json\/wp\/v2\/comments?post=13"}],"version-history":[{"count":4,"href":"https:\/\/egfimaroc.com\/site\/index.php\/wp-json\/wp\/v2\/pages\/13\/revisions"}],"predecessor-version":[{"id":204,"href":"https:\/\/egfimaroc.com\/site\/index.php\/wp-json\/wp\/v2\/pages\/13\/revisions\/204"}],"wp:attachment":[{"href":"https:\/\/egfimaroc.com\/site\/index.php\/wp-json\/wp\/v2\/media?parent=13"}],"curies":[{"name":"wp","href":"https:\/\/api.w.org\/{rel}","templated":true}]}}