{"id":15,"date":"2022-05-13T11:25:22","date_gmt":"2022-05-13T11:25:22","guid":{"rendered":"https:\/\/egfimaroc.com\/site\/?page_id=15"},"modified":"2022-05-13T14:04:49","modified_gmt":"2022-05-13T14:04:49","slug":"chaudieres-a-tubes-deau","status":"publish","type":"page","link":"https:\/\/egfimaroc.com\/site\/index.php\/chaudieres-a-tubes-deau\/","title":{"rendered":"Chaudi\u00e8res \u00e0 tubes d\u2019eau"},"content":{"rendered":"\t\t<div data-elementor-type=\"wp-page\" data-elementor-id=\"15\" class=\"elementor elementor-15\">\n\t\t\t\t\t\t\t\t\t<section class=\"elementor-section elementor-top-section elementor-element elementor-element-3152992b elementor-section-boxed elementor-section-height-default elementor-section-height-default\" data-id=\"3152992b\" data-element_type=\"section\" id=\"ChaudieresATubesEau\" data-settings=\"{&quot;background_background&quot;:&quot;classic&quot;}\">\n\t\t\t\t\t\t<div class=\"elementor-container elementor-column-gap-default\">\n\t\t\t\t\t<div class=\"elementor-column elementor-col-100 elementor-top-column elementor-element elementor-element-7e383e5\" data-id=\"7e383e5\" data-element_type=\"column\" data-settings=\"{&quot;background_background&quot;:&quot;classic&quot;}\">\n\t\t\t<div class=\"elementor-widget-wrap elementor-element-populated\">\n\t\t\t\t\t\t\t\t<div class=\"elementor-element elementor-element-6a01ac86 elementor-widget elementor-widget-text-editor\" data-id=\"6a01ac86\" data-element_type=\"widget\" data-widget_type=\"text-editor.default\">\n\t\t\t\t<div class=\"elementor-widget-container\">\n\t\t\t<style>\/*! elementor - v3.6.5 - 27-04-2022 *\/\n.elementor-widget-text-editor.elementor-drop-cap-view-stacked .elementor-drop-cap{background-color:#818a91;color:#fff}.elementor-widget-text-editor.elementor-drop-cap-view-framed .elementor-drop-cap{color:#818a91;border:3px solid;background-color:transparent}.elementor-widget-text-editor:not(.elementor-drop-cap-view-default) .elementor-drop-cap{margin-top:8px}.elementor-widget-text-editor:not(.elementor-drop-cap-view-default) .elementor-drop-cap-letter{width:1em;height:1em}.elementor-widget-text-editor .elementor-drop-cap{float:left;text-align:center;line-height:1;font-size:50px}.elementor-widget-text-editor .elementor-drop-cap-letter{display:inline-block}<\/style>\t\t\t\t<p class=\"Style1\"><span style=\"color: #cf372d;\"><strong><u>Chaudi\u00e8res \u00e0 tubes d&rsquo;eau<\/u><\/strong><\/span><\/p><p>Dans les chaudi\u00e8res \u00e0 Tubes d&rsquo;Eau, les tubes sont parcourus par de l&rsquo;eau chauff\u00e9e par les gaz chauds se trouvant \u00e0 l&rsquo;ext\u00e9rieur des tubes. L&rsquo;eau se r\u00e9chauffe progressivement dans les parois de tubes (les \u00e9crans), puis se vaporise dans ces \u00e9crans et dans les faisceaux plac\u00e9s \u00e0 l&rsquo;int\u00e9rieur des parois. La vapeur\u00a0peut \u00e9galement \u00eatre surchauff\u00e9e dans des faisceaux particuliers.<br \/>Cette technique permet d&rsquo;atteindre des d\u00e9bits de vapeur tr\u00e8s \u00e9lev\u00e9s (100T\/H) \u00e0 des pressions pouvant avoisiner 170 bars.\u00a0:<\/p><p><strong>March\u00e9s concern\u00e9s :<\/strong>\u00a0Chauffage urbain, Production d&rsquo;\u00e9lectricit\u00e9, Incin\u00e9ration des d\u00e9chets, et toutes les grandes industries (raffinage, p\u00e9trochimie, papeterie, agroalimentaire, automobile, textile, etc.).<\/p><p>Nous vous proposons une offre compl\u00e8te de service de la chambre de combustion \u00e0 la chemin\u00e9e afin d&rsquo;optimiser le taux de disponibilit\u00e9 de votre installation :<\/p><ul><li>Suivi, \u00e9tude, diagnostic,<\/li><li>Expertise, conseil,<\/li><li>Fabrication, mise en oeuvre, entretien, pi\u00e8ces de rechange,<\/li><li>Assistance \u00e0 la requalification.<\/li><\/ul>\t\t\t\t\t\t<\/div>\n\t\t\t\t<\/div>\n\t\t\t\t\t<\/div>\n\t\t<\/div>\n\t\t\t\t\t\t\t<\/div>\n\t\t<\/section>\n\t\t\t\t\t\t\t<\/div>\n\t\t","protected":false},"excerpt":{"rendered":"<p>Chaudi\u00e8res \u00e0 tubes d&rsquo;eau Dans les chaudi\u00e8res \u00e0 Tubes d&rsquo;Eau, les tubes sont parcourus par de l&rsquo;eau chauff\u00e9e par les gaz chauds se trouvant \u00e0 l&rsquo;ext\u00e9rieur des tubes. L&rsquo;eau se r\u00e9chauffe progressivement dans les parois de tubes (les \u00e9crans), puis se vaporise dans ces \u00e9crans et dans les faisceaux plac\u00e9s \u00e0 l&rsquo;int\u00e9rieur des parois. La &hellip;<\/p>\n<p class=\"read-more\"> <a class=\"\" href=\"https:\/\/egfimaroc.com\/site\/index.php\/chaudieres-a-tubes-deau\/\"> <span class=\"screen-reader-text\">Chaudi\u00e8res \u00e0 tubes d\u2019eau<\/span> Lire la suite\u00a0\u00bb<\/a><\/p>\n","protected":false},"author":1,"featured_media":0,"parent":0,"menu_order":0,"comment_status":"closed","ping_status":"closed","template":"","meta":{"site-sidebar-layout":"no-sidebar","site-content-layout":"page-builder","ast-global-header-display":"","ast-main-header-display":"","ast-hfb-above-header-display":"","ast-hfb-below-header-display":"","ast-hfb-mobile-header-display":"","site-post-title":"disabled","ast-breadcrumbs-content":"","ast-featured-img":"disabled","footer-sml-layout":"","theme-transparent-header-meta":"","adv-header-id-meta":"","stick-header-meta":"","header-above-stick-meta":"","header-main-stick-meta":"","header-below-stick-meta":"","footnotes":""},"class_list":["post-15","page","type-page","status-publish","hentry"],"_links":{"self":[{"href":"https:\/\/egfimaroc.com\/site\/index.php\/wp-json\/wp\/v2\/pages\/15","targetHints":{"allow":["GET"]}}],"collection":[{"href":"https:\/\/egfimaroc.com\/site\/index.php\/wp-json\/wp\/v2\/pages"}],"about":[{"href":"https:\/\/egfimaroc.com\/site\/index.php\/wp-json\/wp\/v2\/types\/page"}],"author":[{"embeddable":true,"href":"https:\/\/egfimaroc.com\/site\/index.php\/wp-json\/wp\/v2\/users\/1"}],"replies":[{"embeddable":true,"href":"https:\/\/egfimaroc.com\/site\/index.php\/wp-json\/wp\/v2\/comments?post=15"}],"version-history":[{"count":4,"href":"https:\/\/egfimaroc.com\/site\/index.php\/wp-json\/wp\/v2\/pages\/15\/revisions"}],"predecessor-version":[{"id":208,"href":"https:\/\/egfimaroc.com\/site\/index.php\/wp-json\/wp\/v2\/pages\/15\/revisions\/208"}],"wp:attachment":[{"href":"https:\/\/egfimaroc.com\/site\/index.php\/wp-json\/wp\/v2\/media?parent=15"}],"curies":[{"name":"wp","href":"https:\/\/api.w.org\/{rel}","templated":true}]}}