{"id":17,"date":"2022-05-13T11:26:01","date_gmt":"2022-05-13T11:26:01","guid":{"rendered":"https:\/\/egfimaroc.com\/site\/?page_id=17"},"modified":"2022-05-13T14:05:55","modified_gmt":"2022-05-13T14:05:55","slug":"chaudieres-eau-chaude","status":"publish","type":"page","link":"https:\/\/egfimaroc.com\/site\/index.php\/chaudieres-eau-chaude\/","title":{"rendered":"chaudi\u00e8res eau chaude"},"content":{"rendered":"\t\t<div data-elementor-type=\"wp-page\" data-elementor-id=\"17\" class=\"elementor elementor-17\">\n\t\t\t\t\t\t\t\t\t<section class=\"elementor-section elementor-top-section elementor-element elementor-element-52d335d9 elementor-section-boxed elementor-section-height-default elementor-section-height-default\" data-id=\"52d335d9\" data-element_type=\"section\" id=\"ChaudieresEauChaude\" data-settings=\"{&quot;background_background&quot;:&quot;classic&quot;}\">\n\t\t\t\t\t\t<div class=\"elementor-container elementor-column-gap-default\">\n\t\t\t\t\t<div class=\"elementor-column elementor-col-100 elementor-top-column elementor-element elementor-element-1d519a02\" data-id=\"1d519a02\" data-element_type=\"column\" data-settings=\"{&quot;background_background&quot;:&quot;classic&quot;}\">\n\t\t\t<div class=\"elementor-widget-wrap elementor-element-populated\">\n\t\t\t\t\t\t\t\t<div class=\"elementor-element elementor-element-70626694 elementor-widget elementor-widget-text-editor\" data-id=\"70626694\" data-element_type=\"widget\" data-widget_type=\"text-editor.default\">\n\t\t\t\t<div class=\"elementor-widget-container\">\n\t\t\t<style>\/*! elementor - v3.6.5 - 27-04-2022 *\/\n.elementor-widget-text-editor.elementor-drop-cap-view-stacked .elementor-drop-cap{background-color:#818a91;color:#fff}.elementor-widget-text-editor.elementor-drop-cap-view-framed .elementor-drop-cap{color:#818a91;border:3px solid;background-color:transparent}.elementor-widget-text-editor:not(.elementor-drop-cap-view-default) .elementor-drop-cap{margin-top:8px}.elementor-widget-text-editor:not(.elementor-drop-cap-view-default) .elementor-drop-cap-letter{width:1em;height:1em}.elementor-widget-text-editor .elementor-drop-cap{float:left;text-align:center;line-height:1;font-size:50px}.elementor-widget-text-editor .elementor-drop-cap-letter{display:inline-block}<\/style>\t\t\t\t<p class=\"Style1\"><span style=\"color: #cf372d;\"><strong><u>chaudi\u00e8res eau chaude<\/u><\/strong><\/span><\/p><p>Les chaudi\u00e8res eau chaude ont \u00e9t\u00e9 con\u00e7ues selon les principes de robustesse des chaudi\u00e8res industrielles. Elles r\u00e9pondent \u00e0 tous les besoins de chauffage des collectivit\u00e9s, ensemble commerciaux et r\u00e9sidentiels, ensembles scolaires et universitaires, centres sportifs, piscines, h\u00f4pitaux, usines, serres de culture, etc&#8230;<\/p><p>Sa position monobloc, horizontale et cylindrique. Elle est d&rsquo;un encombrement r\u00e9duit facilitant sa mise en place en chaufferie.<br \/>Elle peut \u00eatre \u00e9quip\u00e9e indiff\u00e9remment d&rsquo;un br\u00fbleur fuel, gaz ou mixte, suivant les pr\u00e9conisations des diff\u00e9rents constructeurs.<br \/>Une large porte avant, recevant le br\u00fbleur, permet l&rsquo;acc\u00e8s total au foyer et au faisceau tubulaire.<\/p><p>La bo\u00eete \u00e0 fum\u00e9es arri\u00e8re, totalement int\u00e9gr\u00e9e au corps de la chaudi\u00e8re, est munie d&rsquo;un fond d\u00e9montable et d&rsquo;une ou deux trappes de visite pour nettoyage.<\/p><p>Une jaquette en t\u00f4le pr\u00e9-laqu\u00e9e, d\u00e9montable, prot\u00e9geant une isolation en laine min\u00e9rale de 80 mm d&rsquo;\u00e9paisseur, habille esth\u00e9tiquement la chaudi\u00e8re.<\/p>\t\t\t\t\t\t<\/div>\n\t\t\t\t<\/div>\n\t\t\t\t\t<\/div>\n\t\t<\/div>\n\t\t\t\t\t\t\t<\/div>\n\t\t<\/section>\n\t\t\t\t\t\t\t<\/div>\n\t\t","protected":false},"excerpt":{"rendered":"<p>chaudi\u00e8res eau chaude Les chaudi\u00e8res eau chaude ont \u00e9t\u00e9 con\u00e7ues selon les principes de robustesse des chaudi\u00e8res industrielles. Elles r\u00e9pondent \u00e0 tous les besoins de chauffage des collectivit\u00e9s, ensemble commerciaux et r\u00e9sidentiels, ensembles scolaires et universitaires, centres sportifs, piscines, h\u00f4pitaux, usines, serres de culture, etc&#8230; Sa position monobloc, horizontale et cylindrique. Elle est d&rsquo;un encombrement &hellip;<\/p>\n<p class=\"read-more\"> <a class=\"\" href=\"https:\/\/egfimaroc.com\/site\/index.php\/chaudieres-eau-chaude\/\"> <span class=\"screen-reader-text\">chaudi\u00e8res eau chaude<\/span> Lire la suite\u00a0\u00bb<\/a><\/p>\n","protected":false},"author":1,"featured_media":0,"parent":0,"menu_order":0,"comment_status":"closed","ping_status":"closed","template":"","meta":{"site-sidebar-layout":"no-sidebar","site-content-layout":"page-builder","ast-global-header-display":"","ast-main-header-display":"","ast-hfb-above-header-display":"","ast-hfb-below-header-display":"","ast-hfb-mobile-header-display":"","site-post-title":"disabled","ast-breadcrumbs-content":"","ast-featured-img":"disabled","footer-sml-layout":"","theme-transparent-header-meta":"","adv-header-id-meta":"","stick-header-meta":"","header-above-stick-meta":"","header-main-stick-meta":"","header-below-stick-meta":"","footnotes":""},"class_list":["post-17","page","type-page","status-publish","hentry"],"_links":{"self":[{"href":"https:\/\/egfimaroc.com\/site\/index.php\/wp-json\/wp\/v2\/pages\/17","targetHints":{"allow":["GET"]}}],"collection":[{"href":"https:\/\/egfimaroc.com\/site\/index.php\/wp-json\/wp\/v2\/pages"}],"about":[{"href":"https:\/\/egfimaroc.com\/site\/index.php\/wp-json\/wp\/v2\/types\/page"}],"author":[{"embeddable":true,"href":"https:\/\/egfimaroc.com\/site\/index.php\/wp-json\/wp\/v2\/users\/1"}],"replies":[{"embeddable":true,"href":"https:\/\/egfimaroc.com\/site\/index.php\/wp-json\/wp\/v2\/comments?post=17"}],"version-history":[{"count":4,"href":"https:\/\/egfimaroc.com\/site\/index.php\/wp-json\/wp\/v2\/pages\/17\/revisions"}],"predecessor-version":[{"id":212,"href":"https:\/\/egfimaroc.com\/site\/index.php\/wp-json\/wp\/v2\/pages\/17\/revisions\/212"}],"wp:attachment":[{"href":"https:\/\/egfimaroc.com\/site\/index.php\/wp-json\/wp\/v2\/media?parent=17"}],"curies":[{"name":"wp","href":"https:\/\/api.w.org\/{rel}","templated":true}]}}