{"id":19,"date":"2022-05-13T11:26:19","date_gmt":"2022-05-13T11:26:19","guid":{"rendered":"https:\/\/egfimaroc.com\/site\/?page_id=19"},"modified":"2022-05-19T17:10:37","modified_gmt":"2022-05-19T17:10:37","slug":"chaudieres-vapeur-a-serpentins","status":"publish","type":"page","link":"https:\/\/egfimaroc.com\/site\/index.php\/chaudieres-vapeur-a-serpentins\/","title":{"rendered":"Chaudi\u00e8res vapeur \u00e0 serpentins\u00a0"},"content":{"rendered":"\t\t<div data-elementor-type=\"wp-page\" data-elementor-id=\"19\" class=\"elementor elementor-19\">\n\t\t\t\t\t\t\t\t\t<section class=\"elementor-section elementor-top-section elementor-element elementor-element-604f52e elementor-section-boxed elementor-section-height-default elementor-section-height-default\" data-id=\"604f52e\" data-element_type=\"section\" id=\"ChaudieresVapeurASerp\" data-settings=\"{&quot;background_background&quot;:&quot;classic&quot;}\">\n\t\t\t\t\t\t<div class=\"elementor-container elementor-column-gap-default\">\n\t\t\t\t\t<div class=\"elementor-column elementor-col-100 elementor-top-column elementor-element elementor-element-312ac8a4\" data-id=\"312ac8a4\" data-element_type=\"column\" data-settings=\"{&quot;background_background&quot;:&quot;classic&quot;}\">\n\t\t\t<div class=\"elementor-widget-wrap elementor-element-populated\">\n\t\t\t\t\t\t\t\t<div class=\"elementor-element elementor-element-267b08fd elementor-widget elementor-widget-text-editor\" data-id=\"267b08fd\" data-element_type=\"widget\" data-widget_type=\"text-editor.default\">\n\t\t\t\t<div class=\"elementor-widget-container\">\n\t\t\t<style>\/*! elementor - v3.6.5 - 27-04-2022 *\/\n.elementor-widget-text-editor.elementor-drop-cap-view-stacked .elementor-drop-cap{background-color:#818a91;color:#fff}.elementor-widget-text-editor.elementor-drop-cap-view-framed .elementor-drop-cap{color:#818a91;border:3px solid;background-color:transparent}.elementor-widget-text-editor:not(.elementor-drop-cap-view-default) .elementor-drop-cap{margin-top:8px}.elementor-widget-text-editor:not(.elementor-drop-cap-view-default) .elementor-drop-cap-letter{width:1em;height:1em}.elementor-widget-text-editor .elementor-drop-cap{float:left;text-align:center;line-height:1;font-size:50px}.elementor-widget-text-editor .elementor-drop-cap-letter{display:inline-block}<\/style>\t\t\t\t<p class=\"Style1\"><strong><span style=\"color: #cf372d;\"><u>Chaudi\u00e8res vapeur \u00e0 serpentins<\/u><\/span><\/strong><\/p><p>Les g\u00e9n\u00e9rateurs de vapeur sont des unit\u00e9s monobloc \u00e0 structure verticale et serpentins concentriques.<br \/>Ils sont exempts de chauffeur patent\u00e9.<br \/>Ils sont r\u00e9alis\u00e9s pour une production de vapeur de 150 \u00e0 3000 kg\/h.<br \/>Avec une longue exp\u00e9rience dans la production de chaudi\u00e8res \u00e0 circulation forc\u00e9e, notre soci\u00e9t\u00e9 a marqu\u00e9 un progr\u00e8s d\u00e9cisif dans ce type de g\u00e9n\u00e9rateurs, en poursuivant une politique adress\u00e9e \u00e0 la recherche continue de nouvelles solutions techniques qui lui ont permis de :<\/p><p><span class=\"Style1 lamarge10\">&#8211;\u00a0<\/span>Se pr\u00e9senter sur le march\u00e9 avec une gamme compl\u00e8te de g\u00e9n\u00e9rateurs.<br \/><span class=\"Style1 lamarge10\">&#8211;\u00a0<\/span>D\u00e9velopper un r\u00e9seau apr\u00e8s-vente parmi les plus ramifi\u00e9s et qualifi\u00e9s du secteur.<br \/><span class=\"Style1 lamarge10\">&#8211;\u00a0<\/span>Offrir \u00e0 la client\u00e8le des solutions d&rsquo;installation \u00ab\u00a0Clefs en main\u00a0\u00bb de l&rsquo;ensemble et ainsi acqu\u00e9rir des r\u00e9f\u00e9rences parmi les plus prestigieuses du secteur.<\/p><p><strong>Les avantages :<\/strong><\/p><p>Les chaudi\u00e8res r\u00e9alis\u00e9es pour r\u00e9pondre aux exigences d&rsquo;un march\u00e9 toujours plus qualifi\u00e9 et en \u00e9volution technologique continue, repr\u00e9sentent la solution id\u00e9ale en termes de :<\/p><p><span class=\"Style1 lamarge10\">&#8211;\u00a0<\/span>fiabilit\u00e9 d&rsquo;ex\u00e9cution pour l&rsquo;\u00e9conomie de gestion;<br \/><span class=\"Style1 lamarge10\">&#8211;\u00a0<\/span>r\u00e9alisation compacte;<br \/><span class=\"Style1 lamarge10\">&#8211;\u00a0<\/span>construction standard tr\u00e8s soign\u00e9e, monobloc, de l&rsquo;ensemble chaudi\u00e8re-br\u00fbleur, con\u00e7ue et r\u00e9alis\u00e9e enti\u00e8rement par notre soci\u00e9t\u00e9;<br \/><span class=\"Style1 lamarge10\">&#8211;\u00a0<\/span>d\u00e9marrage \u00e0 froid;<br \/><span class=\"Style1 lamarge10\">&#8211;\u00a0<\/span>valeurs \u00e9lev\u00e9es de rendement thermique, dues \u00e0 l&rsquo;efficacit\u00e9 des br\u00fbleurs \u00e0 combustion pressuris\u00e9e \u00e0 flamme renvers\u00e9e et \u00e0 sa parfaite symbiose avec la chaudronnerie.<br \/><span class=\"Style1 lamarge10\">&#8211;\u00a0<\/span>facilit\u00e9 d&#8217;emploi;<br \/><span class=\"Style1 lamarge10\">&#8211;\u00a0<\/span>titre de vapeur \u00e9lev\u00e9;<br \/><span class=\"Style1 lamarge10\">&#8211;\u00a0<\/span>pertes de chaleur n\u00e9gligeables.<\/p>\t\t\t\t\t\t<\/div>\n\t\t\t\t<\/div>\n\t\t\t\t\t<\/div>\n\t\t<\/div>\n\t\t\t\t\t\t\t<\/div>\n\t\t<\/section>\n\t\t\t\t\t\t\t<\/div>\n\t\t","protected":false},"excerpt":{"rendered":"<p>Chaudi\u00e8res vapeur \u00e0 serpentins Les g\u00e9n\u00e9rateurs de vapeur sont des unit\u00e9s monobloc \u00e0 structure verticale et serpentins concentriques.Ils sont exempts de chauffeur patent\u00e9.Ils sont r\u00e9alis\u00e9s pour une production de vapeur de 150 \u00e0 3000 kg\/h.Avec une longue exp\u00e9rience dans la production de chaudi\u00e8res \u00e0 circulation forc\u00e9e, notre soci\u00e9t\u00e9 a marqu\u00e9 un progr\u00e8s d\u00e9cisif dans ce &hellip;<\/p>\n<p class=\"read-more\"> <a class=\"\" href=\"https:\/\/egfimaroc.com\/site\/index.php\/chaudieres-vapeur-a-serpentins\/\"> <span class=\"screen-reader-text\">Chaudi\u00e8res vapeur \u00e0 serpentins\u00a0<\/span> Lire la suite\u00a0\u00bb<\/a><\/p>\n","protected":false},"author":1,"featured_media":0,"parent":0,"menu_order":0,"comment_status":"closed","ping_status":"closed","template":"","meta":{"site-sidebar-layout":"no-sidebar","site-content-layout":"page-builder","ast-global-header-display":"","ast-main-header-display":"","ast-hfb-above-header-display":"","ast-hfb-below-header-display":"","ast-hfb-mobile-header-display":"","site-post-title":"disabled","ast-breadcrumbs-content":"","ast-featured-img":"disabled","footer-sml-layout":"","theme-transparent-header-meta":"","adv-header-id-meta":"","stick-header-meta":"","header-above-stick-meta":"","header-main-stick-meta":"","header-below-stick-meta":"","footnotes":""},"class_list":["post-19","page","type-page","status-publish","hentry"],"_links":{"self":[{"href":"https:\/\/egfimaroc.com\/site\/index.php\/wp-json\/wp\/v2\/pages\/19","targetHints":{"allow":["GET"]}}],"collection":[{"href":"https:\/\/egfimaroc.com\/site\/index.php\/wp-json\/wp\/v2\/pages"}],"about":[{"href":"https:\/\/egfimaroc.com\/site\/index.php\/wp-json\/wp\/v2\/types\/page"}],"author":[{"embeddable":true,"href":"https:\/\/egfimaroc.com\/site\/index.php\/wp-json\/wp\/v2\/users\/1"}],"replies":[{"embeddable":true,"href":"https:\/\/egfimaroc.com\/site\/index.php\/wp-json\/wp\/v2\/comments?post=19"}],"version-history":[{"count":10,"href":"https:\/\/egfimaroc.com\/site\/index.php\/wp-json\/wp\/v2\/pages\/19\/revisions"}],"predecessor-version":[{"id":663,"href":"https:\/\/egfimaroc.com\/site\/index.php\/wp-json\/wp\/v2\/pages\/19\/revisions\/663"}],"wp:attachment":[{"href":"https:\/\/egfimaroc.com\/site\/index.php\/wp-json\/wp\/v2\/media?parent=19"}],"curies":[{"name":"wp","href":"https:\/\/api.w.org\/{rel}","templated":true}]}}