{"id":25,"date":"2022-05-13T11:27:00","date_gmt":"2022-05-13T11:27:00","guid":{"rendered":"https:\/\/egfimaroc.com\/site\/?page_id=25"},"modified":"2022-05-13T14:06:58","modified_gmt":"2022-05-13T14:06:58","slug":"eaux-de-chaudieres","status":"publish","type":"page","link":"https:\/\/egfimaroc.com\/site\/index.php\/eaux-de-chaudieres\/","title":{"rendered":"Eaux de chaudi\u00e8res"},"content":{"rendered":"\t\t<div data-elementor-type=\"wp-page\" data-elementor-id=\"25\" class=\"elementor elementor-25\">\n\t\t\t\t\t\t\t\t\t<section class=\"elementor-section elementor-top-section elementor-element elementor-element-7211747f elementor-section-boxed elementor-section-height-default elementor-section-height-default\" data-id=\"7211747f\" data-element_type=\"section\" id=\"EauxDeChaudieres\" data-settings=\"{&quot;background_background&quot;:&quot;classic&quot;}\">\n\t\t\t\t\t\t<div class=\"elementor-container elementor-column-gap-default\">\n\t\t\t\t\t<div class=\"elementor-column elementor-col-100 elementor-top-column elementor-element elementor-element-35709d42\" data-id=\"35709d42\" data-element_type=\"column\" data-settings=\"{&quot;background_background&quot;:&quot;classic&quot;}\">\n\t\t\t<div class=\"elementor-widget-wrap elementor-element-populated\">\n\t\t\t\t\t\t\t\t<div class=\"elementor-element elementor-element-1a4a65d2 elementor-widget elementor-widget-text-editor\" data-id=\"1a4a65d2\" data-element_type=\"widget\" data-widget_type=\"text-editor.default\">\n\t\t\t\t<div class=\"elementor-widget-container\">\n\t\t\t<style>\/*! elementor - v3.6.5 - 27-04-2022 *\/\n.elementor-widget-text-editor.elementor-drop-cap-view-stacked .elementor-drop-cap{background-color:#818a91;color:#fff}.elementor-widget-text-editor.elementor-drop-cap-view-framed .elementor-drop-cap{color:#818a91;border:3px solid;background-color:transparent}.elementor-widget-text-editor:not(.elementor-drop-cap-view-default) .elementor-drop-cap{margin-top:8px}.elementor-widget-text-editor:not(.elementor-drop-cap-view-default) .elementor-drop-cap-letter{width:1em;height:1em}.elementor-widget-text-editor .elementor-drop-cap{float:left;text-align:center;line-height:1;font-size:50px}.elementor-widget-text-editor .elementor-drop-cap-letter{display:inline-block}<\/style>\t\t\t\t<p style=\"font-weight: 400;\"><span style=\"color: #cf372d;\"><strong>Traitement d&rsquo;eau de chaudi\u00e8re\u00a0:<\/strong><\/span><\/p><p>Le traitement et le conditionnement de l&rsquo;eau d&rsquo;alimentation de chaudi\u00e8re\u00a0doit satisfaire trois objectifs principaux :<\/p><ul><li style=\"list-style-type: none;\"><ul><li>L&rsquo;\u00e9change continu de chaleur<\/li><li>La protection contre la\u00a0corrosion<\/li><li>La production d\u2019une vapeur de haute qualit\u00e9.<\/li><\/ul><\/li><\/ul><p>Le\u00a0<strong>traitement externe<\/strong>\u00a0est la r\u00e9duction ou l&rsquo;\u00e9limination des impuret\u00e9s de l&rsquo;eau hors de la chaudi\u00e8re. En g\u00e9n\u00e9ral, le traitement externe est utilis\u00e9 quand la quantit\u00e9 de telles ou telles impuret\u00e9s de l&rsquo;eau d&rsquo;alimentation est trop \u00e9lev\u00e9e pour \u00eatre tol\u00e9r\u00e9e par le syst\u00e8me de chaudi\u00e8re en question. Il y a diff\u00e9rents types de traitement externe (filtration,\u00a0adoucissement, d\u00e9min\u00e9ralisation, osmose inverse, d\u00e9gazage thermique) qui peuvent \u00eatre utilis\u00e9s pour l&rsquo;eau d&rsquo;approvisionnement.<\/p><p>Le\u00a0<strong>traitement<\/strong> <strong>interne<\/strong>\u00a0est le traitement des impuret\u00e9s \u00e0 l&rsquo;int\u00e9rieur du syst\u00e8me de chaudi\u00e8re. Les r\u00e9actions se produisent dans les lignes d&rsquo;alimentation ou dans la chaudi\u00e8re. Le traitement interne peut \u00eatre utilis\u00e9 \u00a0seul ou avec un traitement externe. Son but est de r\u00e9agir correctement avec la duret\u00e9 de l&rsquo;eau d&rsquo;alimentation, d&rsquo;\u00e9liminer les boues, de r\u00e9duire l&rsquo;oxyg\u00e8ne et d&#8217;emp\u00eacher le moussage de l&rsquo;eau des chaudi\u00e8res.<\/p><p><u>Traitement externe<\/u>\u00a0:<\/p><p style=\"padding-left: 40px;\"><em>&#8211;\u00a0 \u00a0L\u2019adoucissement :<\/em><\/p><p><strong>EGFI<\/strong>\u00a0\u00e9tant sp\u00e9cialis\u00e9e dans la fabrication des adoucisseurs manuels, aujourd\u2019hui, commercialise \u00e9galement les adoucisseurs automatiques. les substances \u00e9changeuse d&rsquo;ions les plus utilis\u00e9es sont connues sous le nom de r\u00e9sines \u00a0Les r\u00e9sines synth\u00e9tiques ont la capacit\u00e9 d&rsquo;\u00e9liminer les ions min\u00e9raux de l&rsquo;eau en les \u00e9changeant par d&rsquo;autres. Par exemple, en passant l&rsquo;eau \u00e0 travers un\u00a0adoucisseur charg\u00e9 de r\u00e9sines cationiques fortes, tous les ions\u00a0calcium\u00a0et\u00a0magn\u00e9sium\u00a0sont \u00e9limin\u00e9s et remplac\u00e9s par des ions sodium. Puisqu&rsquo;un simple \u00e9change de cation ne r\u00e9duit pas le total de solides de l&rsquo;eau d&rsquo;alimentation, il est parfois utilis\u00e9 conjointement avec d&rsquo;autres traitements de type d\u00e9carbonatation ou osmose inverse.<\/p><p style=\"padding-left: 40px;\"><em>&#8211;\u00a0 \u00a0 Le d\u00e9gazage thermique :<\/em><\/p><p>permet l\u2019\u00e9limination de l\u2019oxyg\u00e8ne, principal facteur de corrosion.<\/p><p><u>Traitement interne\u00a0:<\/u><\/p><p><strong><em>EGFI\u00a0<\/em><\/strong><i>dispose d\u2019une large gamme de produits chimiques de la marque\u00a0<\/i>Nalco<i>\u00a0pour le traitement ani-tartre\u00a0; anti-corrosion adapt\u00e9e \u00e0 chaque type d\u2019exploitation.<\/i><\/p><p>Les eaux d&rsquo;alimentation des\u00a0chaudi\u00e8res\u00a0m\u00eame pr\u00e9trait\u00e9es par adoucissement, osmose, d\u00e9carbonatation ou encore d\u00e9min\u00e9ralisation totale doivent \u00eatre conditionn\u00e9es \u00e0 l&rsquo;aide\u00a0d&rsquo;additifs chimiques formul\u00e9s\u00a0ayant pour objectif :<\/p><p style=\"padding-left: 40px;\"><em>&#8211;\u00a0 \u00a0L &lsquo; alcalinisation\u00a0:<\/em><\/p><p>* en milieu alcalin, la corrosion de l&rsquo;acier directement par l&rsquo;eau devient quasiment nulle;<\/p><p>* en milieu alcalin, la silice existe sous formes ionis\u00e9es (HSiO3-\u00a0et SiO32-); ces formes ionis\u00e9es restent solubles \u00e0 chaud et ne sont pas volatiles dans la vapeur;<\/p><p style=\"padding-left: 40px;\"><em>&#8211;\u00a0 \u00a0L &lsquo; apport de phosphates<\/em><\/p><p>\u00a0la duret\u00e9 pr\u00e9sente dans l&rsquo;eau d&rsquo;appoint sera pr\u00e9cipit\u00e9e sous forme non incrustante.<\/p><p style=\"padding-left: 40px;\"><em>&#8211;\u00a0 \u00a0la dispersion des pr\u00e9cipit\u00e9s ;<\/em><\/p><p style=\"padding-left: 40px;\"><em>&#8211;\u00a0 \u00a0La passivation\u00a0des surfaces m\u00e9talliques<\/em><\/p><p>* le phosphate aura ce r\u00f4le et compl\u00e9tera les conditions de non-corrosion cr\u00e9\u00e9es par le milieu alcalin;<\/p><p style=\"padding-left: 40px;\"><em>&#8211;\u00a0 \u00a0 La r\u00e9duction de l&rsquo;oxyg\u00e8ne pour stopper la corrosion<\/em><\/p><p><strong><em>Contr\u00f4le de l\u2019installation d\u2019une chaufferie et SAV :<\/em><\/strong><\/p><p>le contr\u00f4le du traitement d\u2019eau de la chaudi\u00e8re est une des phases importantes du traitement\u00a0:<\/p><ul><li style=\"list-style-type: none;\"><ul><li>Le contr\u00f4le s&rsquo;appuie sur\u00a0:<\/li><li>L&rsquo;analyse et l&rsquo;observation d&rsquo;\u00e9chantillons pr\u00e9lev\u00e9s en des points significatifs de l&rsquo;installation;<\/li><li>Le relev\u00e9 des compteurs d&rsquo;eau, des r\u00e9glages de pompes;<\/li><li>Contr\u00f4le de la r\u00e9g\u00e9n\u00e9ration.<\/li><li>L&rsquo;\u00e9tablissement de bilans de consommation de r\u00e9actifs;<\/li><li>L&rsquo;inspection r\u00e9guli\u00e8re de l&rsquo;installation.<\/li><li>Le r\u00e9glage des purges (dur\u00e9e de purges et fr\u00e9quence).<\/li><li>Formation du personnel de l&rsquo;entreprise.\u00a0<\/li><\/ul><\/li><\/ul><p>Le respect des recommandations du constructeur de chaudi\u00e8re\u00a0: titres des chaudi\u00e8res dans les normes admises, permet de prolonger la dur\u00e9e de vie de l\u2019installation \u00e0 tous les niveaux (b\u00e2che alimentaire, pompes alimentaires, turbines, chaudi\u00e8res et r\u00e9seau de vapeur)<\/p>\t\t\t\t\t\t<\/div>\n\t\t\t\t<\/div>\n\t\t\t\t\t<\/div>\n\t\t<\/div>\n\t\t\t\t\t\t\t<\/div>\n\t\t<\/section>\n\t\t\t\t\t\t\t<\/div>\n\t\t","protected":false},"excerpt":{"rendered":"<p>Traitement d&rsquo;eau de chaudi\u00e8re\u00a0: Le traitement et le conditionnement de l&rsquo;eau d&rsquo;alimentation de chaudi\u00e8re\u00a0doit satisfaire trois objectifs principaux : L&rsquo;\u00e9change continu de chaleur La protection contre la\u00a0corrosion La production d\u2019une vapeur de haute qualit\u00e9. Le\u00a0traitement externe\u00a0est la r\u00e9duction ou l&rsquo;\u00e9limination des impuret\u00e9s de l&rsquo;eau hors de la chaudi\u00e8re. En g\u00e9n\u00e9ral, le traitement externe est utilis\u00e9 &hellip;<\/p>\n<p class=\"read-more\"> <a class=\"\" href=\"https:\/\/egfimaroc.com\/site\/index.php\/eaux-de-chaudieres\/\"> <span class=\"screen-reader-text\">Eaux de chaudi\u00e8res<\/span> Lire la suite\u00a0\u00bb<\/a><\/p>\n","protected":false},"author":1,"featured_media":0,"parent":0,"menu_order":0,"comment_status":"closed","ping_status":"closed","template":"","meta":{"site-sidebar-layout":"no-sidebar","site-content-layout":"page-builder","ast-global-header-display":"","ast-main-header-display":"","ast-hfb-above-header-display":"","ast-hfb-below-header-display":"","ast-hfb-mobile-header-display":"","site-post-title":"disabled","ast-breadcrumbs-content":"","ast-featured-img":"disabled","footer-sml-layout":"","theme-transparent-header-meta":"","adv-header-id-meta":"","stick-header-meta":"","header-above-stick-meta":"","header-main-stick-meta":"","header-below-stick-meta":"","footnotes":""},"class_list":["post-25","page","type-page","status-publish","hentry"],"_links":{"self":[{"href":"https:\/\/egfimaroc.com\/site\/index.php\/wp-json\/wp\/v2\/pages\/25","targetHints":{"allow":["GET"]}}],"collection":[{"href":"https:\/\/egfimaroc.com\/site\/index.php\/wp-json\/wp\/v2\/pages"}],"about":[{"href":"https:\/\/egfimaroc.com\/site\/index.php\/wp-json\/wp\/v2\/types\/page"}],"author":[{"embeddable":true,"href":"https:\/\/egfimaroc.com\/site\/index.php\/wp-json\/wp\/v2\/users\/1"}],"replies":[{"embeddable":true,"href":"https:\/\/egfimaroc.com\/site\/index.php\/wp-json\/wp\/v2\/comments?post=25"}],"version-history":[{"count":4,"href":"https:\/\/egfimaroc.com\/site\/index.php\/wp-json\/wp\/v2\/pages\/25\/revisions"}],"predecessor-version":[{"id":216,"href":"https:\/\/egfimaroc.com\/site\/index.php\/wp-json\/wp\/v2\/pages\/25\/revisions\/216"}],"wp:attachment":[{"href":"https:\/\/egfimaroc.com\/site\/index.php\/wp-json\/wp\/v2\/media?parent=25"}],"curies":[{"name":"wp","href":"https:\/\/api.w.org\/{rel}","templated":true}]}}